{"id":11757,"date":"2024-03-27T11:55:29","date_gmt":"2024-03-27T14:55:29","guid":{"rendered":"https:\/\/ww2.molinoforzani.com\/nutricao-animal"},"modified":"2025-01-09T10:47:31","modified_gmt":"2025-01-09T13:47:31","slug":"nutricao-animal","status":"publish","type":"page","link":"https:\/\/www.molinoforzani.com\/pt-br\/nutricao-animal","title":{"rendered":"Nutri\u00e7\u00e3o animal"},"content":{"rendered":"\t\t<div data-elementor-type=\"wp-page\" data-elementor-id=\"11757\" class=\"elementor elementor-11757 elementor-771\" data-elementor-post-type=\"page\">\n\t\t\t\t<div class=\"elementor-element elementor-element-ebbab9f e-flex e-con-boxed parallax_section_no qode_elementor_container_no e-con e-parent\" data-id=\"ebbab9f\" data-element_type=\"container\" data-settings=\"{&quot;background_background&quot;:&quot;classic&quot;,&quot;background_motion_fx_translateY_effect&quot;:&quot;yes&quot;,&quot;jet_parallax_layout_list&quot;:[],&quot;background_motion_fx_translateY_affectedRange&quot;:{&quot;unit&quot;:&quot;%&quot;,&quot;size&quot;:&quot;&quot;,&quot;sizes&quot;:{&quot;start&quot;:5,&quot;end&quot;:85}},&quot;background_motion_fx_motion_fx_scrolling&quot;:&quot;yes&quot;,&quot;background_motion_fx_translateY_speed&quot;:{&quot;unit&quot;:&quot;px&quot;,&quot;size&quot;:4,&quot;sizes&quot;:[]},&quot;background_motion_fx_devices&quot;:[&quot;desktop&quot;,&quot;tablet&quot;,&quot;mobile&quot;]}\">\n\t\t\t\t\t<div class=\"e-con-inner\">\n\t\t\t\t<div class=\"elementor-element elementor-element-6d2a9e8 elementor-widget-divider--view-line elementor-widget elementor-widget-divider\" data-id=\"6d2a9e8\" data-element_type=\"widget\" data-widget_type=\"divider.default\">\n\t\t\t\t<div class=\"elementor-widget-container\">\n\t\t\t\t\t\t\t<div class=\"elementor-divider\">\n\t\t\t<span class=\"elementor-divider-separator\">\n\t\t\t\t\t\t<\/span>\n\t\t<\/div>\n\t\t\t\t\t\t<\/div>\n\t\t\t\t<\/div>\n\t\t\t\t<div class=\"elementor-element elementor-element-a351984 elementor-widget elementor-widget-heading\" data-id=\"a351984\" data-element_type=\"widget\" data-widget_type=\"heading.default\">\n\t\t\t\t<div class=\"elementor-widget-container\">\n\t\t\t\t\t<h2 class=\"elementor-heading-title elementor-size-default\">Nutri\u00e7\u00e3o animal<\/h2>\t\t\t\t<\/div>\n\t\t\t\t<\/div>\n\t\t\t\t<div class=\"elementor-element elementor-element-33a19bf elementor-widget elementor-widget-spacer\" data-id=\"33a19bf\" data-element_type=\"widget\" data-widget_type=\"spacer.default\">\n\t\t\t\t<div class=\"elementor-widget-container\">\n\t\t\t\t\t\t\t<div class=\"elementor-spacer\">\n\t\t\t<div class=\"elementor-spacer-inner\"><\/div>\n\t\t<\/div>\n\t\t\t\t\t\t<\/div>\n\t\t\t\t<\/div>\n\t\t\t\t\t<\/div>\n\t\t\t\t<\/div>\n\t\t<div class=\"elementor-element elementor-element-1d205578 e-flex e-con-boxed parallax_section_no qode_elementor_container_no e-con e-parent\" data-id=\"1d205578\" data-element_type=\"container\" data-settings=\"{&quot;jet_parallax_layout_list&quot;:[]}\">\n\t\t\t\t\t<div class=\"e-con-inner\">\n\t\t\t\t<div class=\"elementor-element elementor-element-175e859a elementor-widget elementor-widget-heading\" data-id=\"175e859a\" data-element_type=\"widget\" data-widget_type=\"heading.default\">\n\t\t\t\t<div class=\"elementor-widget-container\">\n\t\t\t\t\t<h2 class=\"elementor-heading-title elementor-size-default\">Farelo de trigo remo\u00eddo | Pellets de trigo | Farelo de trigo <\/h2>\t\t\t\t<\/div>\n\t\t\t\t<\/div>\n\t\t\t\t<div class=\"elementor-element elementor-element-3c82505c elementor-widget elementor-widget-spacer\" data-id=\"3c82505c\" data-element_type=\"widget\" data-widget_type=\"spacer.default\">\n\t\t\t\t<div class=\"elementor-widget-container\">\n\t\t\t\t\t\t\t<div class=\"elementor-spacer\">\n\t\t\t<div class=\"elementor-spacer-inner\"><\/div>\n\t\t<\/div>\n\t\t\t\t\t\t<\/div>\n\t\t\t\t<\/div>\n\t\t\t\t<div class=\"elementor-element elementor-element-3ff1b6c7 elementor-grid-4 elementor-grid-mobile-3 elementor-grid-tablet-2 elementor-widget elementor-widget-loop-grid\" data-id=\"3ff1b6c7\" data-element_type=\"widget\" data-settings=\"{&quot;template_id&quot;:12678,&quot;columns&quot;:4,&quot;row_gap&quot;:{&quot;unit&quot;:&quot;px&quot;,&quot;size&quot;:16,&quot;sizes&quot;:[]},&quot;columns_mobile&quot;:3,&quot;row_gap_mobile&quot;:{&quot;unit&quot;:&quot;px&quot;,&quot;size&quot;:8,&quot;sizes&quot;:[]},&quot;_skin&quot;:&quot;post&quot;,&quot;columns_tablet&quot;:&quot;2&quot;,&quot;edit_handle_selector&quot;:&quot;[data-elementor-type=\\&quot;loop-item\\&quot;]&quot;,&quot;row_gap_tablet&quot;:{&quot;unit&quot;:&quot;px&quot;,&quot;size&quot;:&quot;&quot;,&quot;sizes&quot;:[]}}\" data-widget_type=\"loop-grid.post\">\n\t\t\t\t<div class=\"elementor-widget-container\">\n\t\t\t\t\t\t\t<div class=\"elementor-loop-container elementor-grid\">\n\t\t<style id=\"loop-12678\">.elementor-12678 .elementor-element.elementor-element-37f6515{--display:flex;--flex-direction:column;--container-widget-width:100%;--container-widget-height:initial;--container-widget-flex-grow:0;--container-widget-align-self:initial;--flex-wrap-mobile:wrap;--justify-content:space-between;--gap:0px 0px;--row-gap:0px;--column-gap:0px;border-style:solid;--border-style:solid;border-width:1px 1px 1px 1px;--border-top-width:1px;--border-right-width:1px;--border-bottom-width:1px;--border-left-width:1px;border-color:#2F2F2FA3;--border-color:#2F2F2FA3;--border-radius:4px 4px 4px 4px;--padding-top:20px;--padding-bottom:20px;--padding-left:20px;--padding-right:20px;}.elementor-widget-theme-post-title .elementor-heading-title{font-family:var( --e-global-typography-primary-font-family ), Sans-serif;font-weight:var( --e-global-typography-primary-font-weight );color:var( --e-global-color-primary );}.elementor-12678 .elementor-element.elementor-element-147e2c0 > .elementor-widget-container{padding:0px 16px 0px 16px;}.elementor-12678 .elementor-element.elementor-element-147e2c0{text-align:center;}.elementor-12678 .elementor-element.elementor-element-147e2c0 .elementor-heading-title{font-family:\"Avenir MF\", Sans-serif;font-size:16px;font-weight:400;text-transform:uppercase;line-height:20px;letter-spacing:0.7px;color:var( --e-global-color-text );}.elementor-widget-theme-post-featured-image .widget-image-caption{color:var( --e-global-color-text );font-family:var( --e-global-typography-text-font-family ), Sans-serif;font-size:var( --e-global-typography-text-font-size );font-weight:var( --e-global-typography-text-font-weight );line-height:var( --e-global-typography-text-line-height );}.elementor-12678 .elementor-element.elementor-element-f1f1283{text-align:center;}.elementor-12678 .elementor-element.elementor-element-f1f1283 img{width:54%;}.elementor-12678 .elementor-element.elementor-element-8417ee9{--spacer-size:16px;}.elementor-widget-button .elementor-button{background-color:var( --e-global-color-accent );font-family:var( --e-global-typography-accent-font-family ), Sans-serif;font-weight:var( --e-global-typography-accent-font-weight );}.elementor-12678 .elementor-element.elementor-element-0a3127f .elementor-button{background-color:var( --e-global-color-primary );font-family:\"Plus Jakarta Sans\", Sans-serif;font-size:10px;font-weight:400;text-transform:uppercase;line-height:1.4em;letter-spacing:0.5px;fill:var( --e-global-color-b805cc5 );color:var( --e-global-color-b805cc5 );border-radius:3px 3px 3px 3px;padding:6px 20px 6px 20px;}.elementor-12678 .elementor-element.elementor-element-0a3127f .elementor-button:hover, .elementor-12678 .elementor-element.elementor-element-0a3127f .elementor-button:focus{background-color:var( --e-global-color-secondary );color:var( --e-global-color-accent );}.elementor-12678 .elementor-element.elementor-element-0a3127f .elementor-button:hover svg, .elementor-12678 .elementor-element.elementor-element-0a3127f .elementor-button:focus svg{fill:var( --e-global-color-accent );}@media(max-width:1024px){.elementor-widget-theme-post-featured-image .widget-image-caption{font-size:var( --e-global-typography-text-font-size );line-height:var( --e-global-typography-text-line-height );}}@media(max-width:767px){.elementor-12678 .elementor-element.elementor-element-37f6515{--justify-content:space-around;--padding-top:12px;--padding-bottom:8px;--padding-left:8px;--padding-right:8px;}.elementor-12678 .elementor-element.elementor-element-147e2c0 .elementor-heading-title{font-size:10px;line-height:12px;}.elementor-widget-theme-post-featured-image .widget-image-caption{font-size:var( --e-global-typography-text-font-size );line-height:var( --e-global-typography-text-line-height );}.elementor-12678 .elementor-element.elementor-element-f1f1283 img{width:100%;}.elementor-12678 .elementor-element.elementor-element-0a3127f .elementor-button{font-size:8px;}}<\/style>\t\t<div data-elementor-type=\"loop-item\" data-elementor-id=\"12678\" class=\"elementor elementor-12678 elementor-3107 e-loop-item e-loop-item-11739 post-11739 post type-post status-publish format-standard has-post-thumbnail hentry category-nutricao-animal category-portugues\" data-elementor-post-type=\"elementor_library\" data-custom-edit-handle=\"1\">\n\t\t\t<div class=\"elementor-element elementor-element-37f6515 e-flex e-con-boxed parallax_section_no qode_elementor_container_no e-con e-parent\" data-id=\"37f6515\" data-element_type=\"container\" data-settings=\"{&quot;jet_parallax_layout_list&quot;:[]}\">\n\t\t\t\t\t<div class=\"e-con-inner\">\n\t\t\t\t<div class=\"elementor-element elementor-element-147e2c0 elementor-widget elementor-widget-theme-post-title elementor-page-title elementor-widget-heading\" data-id=\"147e2c0\" data-element_type=\"widget\" data-widget_type=\"theme-post-title.default\">\n\t\t\t\t<div class=\"elementor-widget-container\">\n\t\t\t\t\t<h1 class=\"elementor-heading-title elementor-size-default\"><a href=\"https:\/\/www.molinoforzani.com\/pt-br\/farelo-de-trigo-remoido\">Farelo de trigo remo\u00eddo<\/a><\/h1>\t\t\t\t<\/div>\n\t\t\t\t<\/div>\n\t\t\t\t<div class=\"elementor-element elementor-element-f1f1283 elementor-widget elementor-widget-theme-post-featured-image elementor-widget-image\" data-id=\"f1f1283\" data-element_type=\"widget\" data-widget_type=\"theme-post-featured-image.default\">\n\t\t\t\t<div class=\"elementor-widget-container\">\n\t\t\t\t\t\t\t\t\t\t\t\t\t\t\t\t<a href=\"https:\/\/www.molinoforzani.com\/pt-br\/farelo-de-trigo-remoido\">\n\t\t\t\t\t\t\t<img fetchpriority=\"high\" decoding=\"async\" width=\"785\" height=\"1024\" src=\"https:\/\/www.molinoforzani.com\/wp-content\/uploads\/2024\/06\/Semita-PHOTO-2024-05-23-12-01-27circulo-785x1024.jpg\" class=\"attachment-large size-large wp-image-11247\" alt=\"\" srcset=\"https:\/\/www.molinoforzani.com\/wp-content\/uploads\/2024\/06\/Semita-PHOTO-2024-05-23-12-01-27circulo-785x1024.jpg 785w, https:\/\/www.molinoforzani.com\/wp-content\/uploads\/2024\/06\/Semita-PHOTO-2024-05-23-12-01-27circulo-230x300.jpg 230w, https:\/\/www.molinoforzani.com\/wp-content\/uploads\/2024\/06\/Semita-PHOTO-2024-05-23-12-01-27circulo-768x1002.jpg 768w, https:\/\/www.molinoforzani.com\/wp-content\/uploads\/2024\/06\/Semita-PHOTO-2024-05-23-12-01-27circulo-700x913.jpg 700w, https:\/\/www.molinoforzani.com\/wp-content\/uploads\/2024\/06\/Semita-PHOTO-2024-05-23-12-01-27circulo.jpg 1150w\" sizes=\"(max-width: 785px) 100vw, 785px\" \/>\t\t\t\t\t\t\t\t<\/a>\n\t\t\t\t\t\t\t\t\t\t\t\t\t\t\t<\/div>\n\t\t\t\t<\/div>\n\t\t\t\t<div class=\"elementor-element elementor-element-8417ee9 elementor-widget elementor-widget-spacer\" data-id=\"8417ee9\" data-element_type=\"widget\" data-widget_type=\"spacer.default\">\n\t\t\t\t<div class=\"elementor-widget-container\">\n\t\t\t\t\t\t\t<div class=\"elementor-spacer\">\n\t\t\t<div class=\"elementor-spacer-inner\"><\/div>\n\t\t<\/div>\n\t\t\t\t\t\t<\/div>\n\t\t\t\t<\/div>\n\t\t\t\t<div class=\"elementor-element elementor-element-0a3127f elementor-align-center elementor-widget elementor-widget-button\" data-id=\"0a3127f\" data-element_type=\"widget\" data-widget_type=\"button.default\">\n\t\t\t\t<div class=\"elementor-widget-container\">\n\t\t\t\t\t\t\t\t\t<div class=\"elementor-button-wrapper\">\n\t\t\t\t\t<a class=\"elementor-button elementor-button-link elementor-size-sm\" href=\"https:\/\/www.molinoforzani.com\/pt-br\/farelo-de-trigo-remoido\" target=\"_blank\">\n\t\t\t\t\t\t<span class=\"elementor-button-content-wrapper\">\n\t\t\t\t\t\t\t\t\t<span class=\"elementor-button-text\">Ver +<\/span>\n\t\t\t\t\t<\/span>\n\t\t\t\t\t<\/a>\n\t\t\t\t<\/div>\n\t\t\t\t\t\t\t\t<\/div>\n\t\t\t\t<\/div>\n\t\t\t\t\t<\/div>\n\t\t\t\t<\/div>\n\t\t\t\t<\/div>\n\t\t\t\t<div data-elementor-type=\"loop-item\" data-elementor-id=\"12678\" class=\"elementor elementor-12678 elementor-3107 e-loop-item e-loop-item-11743 post-11743 post type-post status-publish format-standard has-post-thumbnail hentry category-nutricao-animal category-portugues\" data-elementor-post-type=\"elementor_library\" data-custom-edit-handle=\"1\">\n\t\t\t<div class=\"elementor-element elementor-element-37f6515 e-flex e-con-boxed parallax_section_no qode_elementor_container_no e-con e-parent\" data-id=\"37f6515\" data-element_type=\"container\" data-settings=\"{&quot;jet_parallax_layout_list&quot;:[]}\">\n\t\t\t\t\t<div class=\"e-con-inner\">\n\t\t\t\t<div class=\"elementor-element elementor-element-147e2c0 elementor-widget elementor-widget-theme-post-title elementor-page-title elementor-widget-heading\" data-id=\"147e2c0\" data-element_type=\"widget\" data-widget_type=\"theme-post-title.default\">\n\t\t\t\t<div class=\"elementor-widget-container\">\n\t\t\t\t\t<h1 class=\"elementor-heading-title elementor-size-default\"><a href=\"https:\/\/www.molinoforzani.com\/pt-br\/pellets-de-trigo\">Pellets de trigo<\/a><\/h1>\t\t\t\t<\/div>\n\t\t\t\t<\/div>\n\t\t\t\t<div class=\"elementor-element elementor-element-f1f1283 elementor-widget elementor-widget-theme-post-featured-image elementor-widget-image\" data-id=\"f1f1283\" data-element_type=\"widget\" data-widget_type=\"theme-post-featured-image.default\">\n\t\t\t\t<div class=\"elementor-widget-container\">\n\t\t\t\t\t\t\t\t\t\t\t\t\t\t\t\t<a href=\"https:\/\/www.molinoforzani.com\/pt-br\/pellets-de-trigo\">\n\t\t\t\t\t\t\t<img decoding=\"async\" width=\"785\" height=\"1024\" src=\"https:\/\/www.molinoforzani.com\/wp-content\/uploads\/2024\/04\/pellets-de-trigo-PHOTO-2024-05-23-12-01-10circulo-785x1024.jpg\" class=\"attachment-large size-large wp-image-11205\" alt=\"\" srcset=\"https:\/\/www.molinoforzani.com\/wp-content\/uploads\/2024\/04\/pellets-de-trigo-PHOTO-2024-05-23-12-01-10circulo-785x1024.jpg 785w, https:\/\/www.molinoforzani.com\/wp-content\/uploads\/2024\/04\/pellets-de-trigo-PHOTO-2024-05-23-12-01-10circulo-230x300.jpg 230w, https:\/\/www.molinoforzani.com\/wp-content\/uploads\/2024\/04\/pellets-de-trigo-PHOTO-2024-05-23-12-01-10circulo-768x1002.jpg 768w, https:\/\/www.molinoforzani.com\/wp-content\/uploads\/2024\/04\/pellets-de-trigo-PHOTO-2024-05-23-12-01-10circulo-700x913.jpg 700w, https:\/\/www.molinoforzani.com\/wp-content\/uploads\/2024\/04\/pellets-de-trigo-PHOTO-2024-05-23-12-01-10circulo.jpg 1150w\" sizes=\"(max-width: 785px) 100vw, 785px\" \/>\t\t\t\t\t\t\t\t<\/a>\n\t\t\t\t\t\t\t\t\t\t\t\t\t\t\t<\/div>\n\t\t\t\t<\/div>\n\t\t\t\t<div class=\"elementor-element elementor-element-8417ee9 elementor-widget elementor-widget-spacer\" data-id=\"8417ee9\" data-element_type=\"widget\" data-widget_type=\"spacer.default\">\n\t\t\t\t<div class=\"elementor-widget-container\">\n\t\t\t\t\t\t\t<div class=\"elementor-spacer\">\n\t\t\t<div class=\"elementor-spacer-inner\"><\/div>\n\t\t<\/div>\n\t\t\t\t\t\t<\/div>\n\t\t\t\t<\/div>\n\t\t\t\t<div class=\"elementor-element elementor-element-0a3127f elementor-align-center elementor-widget elementor-widget-button\" data-id=\"0a3127f\" data-element_type=\"widget\" data-widget_type=\"button.default\">\n\t\t\t\t<div class=\"elementor-widget-container\">\n\t\t\t\t\t\t\t\t\t<div class=\"elementor-button-wrapper\">\n\t\t\t\t\t<a class=\"elementor-button elementor-button-link elementor-size-sm\" href=\"https:\/\/www.molinoforzani.com\/pt-br\/pellets-de-trigo\" target=\"_blank\">\n\t\t\t\t\t\t<span class=\"elementor-button-content-wrapper\">\n\t\t\t\t\t\t\t\t\t<span class=\"elementor-button-text\">Ver +<\/span>\n\t\t\t\t\t<\/span>\n\t\t\t\t\t<\/a>\n\t\t\t\t<\/div>\n\t\t\t\t\t\t\t\t<\/div>\n\t\t\t\t<\/div>\n\t\t\t\t\t<\/div>\n\t\t\t\t<\/div>\n\t\t\t\t<\/div>\n\t\t\t\t<div data-elementor-type=\"loop-item\" data-elementor-id=\"12678\" class=\"elementor elementor-12678 elementor-3107 e-loop-item e-loop-item-11747 post-11747 post type-post status-publish format-standard has-post-thumbnail hentry category-nutricao-animal category-portugues\" data-elementor-post-type=\"elementor_library\" data-custom-edit-handle=\"1\">\n\t\t\t<div class=\"elementor-element elementor-element-37f6515 e-flex e-con-boxed parallax_section_no qode_elementor_container_no e-con e-parent\" data-id=\"37f6515\" data-element_type=\"container\" data-settings=\"{&quot;jet_parallax_layout_list&quot;:[]}\">\n\t\t\t\t\t<div class=\"e-con-inner\">\n\t\t\t\t<div class=\"elementor-element elementor-element-147e2c0 elementor-widget elementor-widget-theme-post-title elementor-page-title elementor-widget-heading\" data-id=\"147e2c0\" data-element_type=\"widget\" data-widget_type=\"theme-post-title.default\">\n\t\t\t\t<div class=\"elementor-widget-container\">\n\t\t\t\t\t<h1 class=\"elementor-heading-title elementor-size-default\"><a href=\"https:\/\/www.molinoforzani.com\/pt-br\/farelo-de-trigo\">Farelo de trigo<\/a><\/h1>\t\t\t\t<\/div>\n\t\t\t\t<\/div>\n\t\t\t\t<div class=\"elementor-element elementor-element-f1f1283 elementor-widget elementor-widget-theme-post-featured-image elementor-widget-image\" data-id=\"f1f1283\" data-element_type=\"widget\" data-widget_type=\"theme-post-featured-image.default\">\n\t\t\t\t<div class=\"elementor-widget-container\">\n\t\t\t\t\t\t\t\t\t\t\t\t\t\t\t\t<a href=\"https:\/\/www.molinoforzani.com\/pt-br\/farelo-de-trigo\">\n\t\t\t\t\t\t\t<img decoding=\"async\" width=\"785\" height=\"1024\" src=\"https:\/\/www.molinoforzani.com\/wp-content\/uploads\/2024\/06\/Afrechillo-WhatsApp-Image-2024-05-23-at-12.24.57circulo-785x1024.jpg\" class=\"attachment-large size-large wp-image-11235\" alt=\"\" srcset=\"https:\/\/www.molinoforzani.com\/wp-content\/uploads\/2024\/06\/Afrechillo-WhatsApp-Image-2024-05-23-at-12.24.57circulo-785x1024.jpg 785w, https:\/\/www.molinoforzani.com\/wp-content\/uploads\/2024\/06\/Afrechillo-WhatsApp-Image-2024-05-23-at-12.24.57circulo-230x300.jpg 230w, https:\/\/www.molinoforzani.com\/wp-content\/uploads\/2024\/06\/Afrechillo-WhatsApp-Image-2024-05-23-at-12.24.57circulo-768x1002.jpg 768w, https:\/\/www.molinoforzani.com\/wp-content\/uploads\/2024\/06\/Afrechillo-WhatsApp-Image-2024-05-23-at-12.24.57circulo-700x913.jpg 700w, https:\/\/www.molinoforzani.com\/wp-content\/uploads\/2024\/06\/Afrechillo-WhatsApp-Image-2024-05-23-at-12.24.57circulo.jpg 1150w\" sizes=\"(max-width: 785px) 100vw, 785px\" \/>\t\t\t\t\t\t\t\t<\/a>\n\t\t\t\t\t\t\t\t\t\t\t\t\t\t\t<\/div>\n\t\t\t\t<\/div>\n\t\t\t\t<div class=\"elementor-element elementor-element-8417ee9 elementor-widget elementor-widget-spacer\" data-id=\"8417ee9\" data-element_type=\"widget\" data-widget_type=\"spacer.default\">\n\t\t\t\t<div class=\"elementor-widget-container\">\n\t\t\t\t\t\t\t<div class=\"elementor-spacer\">\n\t\t\t<div class=\"elementor-spacer-inner\"><\/div>\n\t\t<\/div>\n\t\t\t\t\t\t<\/div>\n\t\t\t\t<\/div>\n\t\t\t\t<div class=\"elementor-element elementor-element-0a3127f elementor-align-center elementor-widget elementor-widget-button\" data-id=\"0a3127f\" data-element_type=\"widget\" data-widget_type=\"button.default\">\n\t\t\t\t<div class=\"elementor-widget-container\">\n\t\t\t\t\t\t\t\t\t<div class=\"elementor-button-wrapper\">\n\t\t\t\t\t<a class=\"elementor-button elementor-button-link elementor-size-sm\" href=\"https:\/\/www.molinoforzani.com\/pt-br\/farelo-de-trigo\" target=\"_blank\">\n\t\t\t\t\t\t<span class=\"elementor-button-content-wrapper\">\n\t\t\t\t\t\t\t\t\t<span class=\"elementor-button-text\">Ver +<\/span>\n\t\t\t\t\t<\/span>\n\t\t\t\t\t<\/a>\n\t\t\t\t<\/div>\n\t\t\t\t\t\t\t\t<\/div>\n\t\t\t\t<\/div>\n\t\t\t\t\t<\/div>\n\t\t\t\t<\/div>\n\t\t\t\t<\/div>\n\t\t\t\t<\/div>\n\t\t\n\t\t\t\t\t\t<\/div>\n\t\t\t\t<\/div>\n\t\t<div class=\"elementor-element elementor-element-f5cf04b e-flex e-con-boxed parallax_section_no qode_elementor_container_no e-con e-child\" data-id=\"f5cf04b\" data-element_type=\"container\" data-settings=\"{&quot;jet_parallax_layout_list&quot;:[]}\">\n\t\t\t\t\t<div class=\"e-con-inner\">\n\t\t\t\t<div class=\"elementor-element elementor-element-f81b300 elementor-widget elementor-widget-spacer\" data-id=\"f81b300\" data-element_type=\"widget\" data-widget_type=\"spacer.default\">\n\t\t\t\t<div class=\"elementor-widget-container\">\n\t\t\t\t\t\t\t<div class=\"elementor-spacer\">\n\t\t\t<div class=\"elementor-spacer-inner\"><\/div>\n\t\t<\/div>\n\t\t\t\t\t\t<\/div>\n\t\t\t\t<\/div>\n\t\t\t\t<div class=\"elementor-element elementor-element-0b36be0 elementor-widget elementor-widget-button\" data-id=\"0b36be0\" data-element_type=\"widget\" data-widget_type=\"button.default\">\n\t\t\t\t<div class=\"elementor-widget-container\">\n\t\t\t\t\t\t\t\t\t<div class=\"elementor-button-wrapper\">\n\t\t\t\t\t<a class=\"elementor-button elementor-button-link elementor-size-sm\" href=\"https:\/\/drive.google.com\/file\/d\/1vmY-oxaegYkOxkkqocS_RurLDF_lbaXn\/view?usp=drive_link\" target=\"_blank\">\n\t\t\t\t\t\t<span class=\"elementor-button-content-wrapper\">\n\t\t\t\t\t\t\t\t\t<span class=\"elementor-button-text\">Fa\u00e7a o download do nosso cat\u00e1logo<\/span>\n\t\t\t\t\t<\/span>\n\t\t\t\t\t<\/a>\n\t\t\t\t<\/div>\n\t\t\t\t\t\t\t\t<\/div>\n\t\t\t\t<\/div>\n\t\t\t\t\t<\/div>\n\t\t\t\t<\/div>\n\t\t\t\t\t<\/div>\n\t\t\t\t<\/div>\n\t\t\t\t<\/div>\n\t\t","protected":false},"excerpt":{"rendered":"<p>Farelo de trigo remo\u00eddo | Pellets de trigo | Farelo de trigo Fa\u00e7a o download do nosso cat\u00e1logo<\/p>\n","protected":false},"author":1,"featured_media":0,"parent":0,"menu_order":0,"comment_status":"closed","ping_status":"closed","template":"","meta":{"inline_featured_image":false,"_joinchat":[],"footnotes":""},"class_list":["post-11757","page","type-page","status-publish","hentry"],"aioseo_notices":[],"_links":{"self":[{"href":"https:\/\/www.molinoforzani.com\/pt-br\/wp-json\/wp\/v2\/pages\/11757","targetHints":{"allow":["GET"]}}],"collection":[{"href":"https:\/\/www.molinoforzani.com\/pt-br\/wp-json\/wp\/v2\/pages"}],"about":[{"href":"https:\/\/www.molinoforzani.com\/pt-br\/wp-json\/wp\/v2\/types\/page"}],"author":[{"embeddable":true,"href":"https:\/\/www.molinoforzani.com\/pt-br\/wp-json\/wp\/v2\/users\/1"}],"replies":[{"embeddable":true,"href":"https:\/\/www.molinoforzani.com\/pt-br\/wp-json\/wp\/v2\/comments?post=11757"}],"version-history":[{"count":13,"href":"https:\/\/www.molinoforzani.com\/pt-br\/wp-json\/wp\/v2\/pages\/11757\/revisions"}],"predecessor-version":[{"id":12572,"href":"https:\/\/www.molinoforzani.com\/pt-br\/wp-json\/wp\/v2\/pages\/11757\/revisions\/12572"}],"wp:attachment":[{"href":"https:\/\/www.molinoforzani.com\/pt-br\/wp-json\/wp\/v2\/media?parent=11757"}],"curies":[{"name":"wp","href":"https:\/\/api.w.org\/{rel}","templated":true}]}}