{"id":11671,"date":"2024-03-25T21:10:10","date_gmt":"2024-03-25T21:10:10","guid":{"rendered":"https:\/\/ww2.molinoforzani.com\/qualidade"},"modified":"2024-10-15T01:41:15","modified_gmt":"2024-10-15T01:41:15","slug":"qualidade","status":"publish","type":"page","link":"https:\/\/www.molinoforzani.com\/pt-br\/qualidade","title":{"rendered":"Qualidade"},"content":{"rendered":"\t\t<div data-elementor-type=\"wp-page\" data-elementor-id=\"11671\" class=\"elementor elementor-11671 elementor-669\" data-elementor-post-type=\"page\">\n\t\t\t\t<div class=\"elementor-element elementor-element-8340d9a e-flex e-con-boxed parallax_section_no qode_elementor_container_no e-con e-parent\" data-id=\"8340d9a\" data-element_type=\"container\" data-settings=\"{&quot;background_background&quot;:&quot;slideshow&quot;,&quot;background_motion_fx_translateY_effect&quot;:&quot;yes&quot;,&quot;jet_parallax_layout_list&quot;:[],&quot;background_motion_fx_translateY_affectedRange&quot;:{&quot;unit&quot;:&quot;%&quot;,&quot;size&quot;:&quot;&quot;,&quot;sizes&quot;:{&quot;start&quot;:5,&quot;end&quot;:85}},&quot;background_slideshow_gallery&quot;:[{&quot;id&quot;:965,&quot;url&quot;:&quot;https:\\\/\\\/molinoforzani.com\\\/wp-content\\\/uploads\\\/2024\\\/04\\\/calidad1.webp&quot;},{&quot;id&quot;:3583,&quot;url&quot;:&quot;https:\\\/\\\/molinoforzani.com\\\/wp-content\\\/uploads\\\/2024\\\/04\\\/fondo-calidadwebp.webp&quot;},{&quot;id&quot;:3023,&quot;url&quot;:&quot;https:\\\/\\\/molinoforzani.com\\\/wp-content\\\/uploads\\\/2024\\\/04\\\/800x600-laborataor.webp&quot;},{&quot;id&quot;:2838,&quot;url&quot;:&quot;https:\\\/\\\/molinoforzani.com\\\/wp-content\\\/uploads\\\/2024\\\/04\\\/800x600globo.webp&quot;}],&quot;background_slideshow_slide_duration&quot;:2000,&quot;background_slideshow_transition_duration&quot;:900,&quot;background_slideshow_loop&quot;:&quot;yes&quot;,&quot;background_slideshow_slide_transition&quot;:&quot;fade&quot;,&quot;background_motion_fx_translateY_speed&quot;:{&quot;unit&quot;:&quot;px&quot;,&quot;size&quot;:4,&quot;sizes&quot;:[]},&quot;background_motion_fx_devices&quot;:[&quot;desktop&quot;,&quot;tablet&quot;,&quot;mobile&quot;]}\">\n\t\t\t\t\t<div class=\"e-con-inner\">\n\t\t\t\t<div class=\"elementor-element elementor-element-3a717393 elementor-widget-divider--view-line elementor-widget elementor-widget-divider\" data-id=\"3a717393\" data-element_type=\"widget\" data-widget_type=\"divider.default\">\n\t\t\t\t<div class=\"elementor-widget-container\">\n\t\t\t\t\t\t\t<div class=\"elementor-divider\">\n\t\t\t<span class=\"elementor-divider-separator\">\n\t\t\t\t\t\t<\/span>\n\t\t<\/div>\n\t\t\t\t\t\t<\/div>\n\t\t\t\t<\/div>\n\t\t\t\t<div class=\"elementor-element elementor-element-199f9549 elementor-widget elementor-widget-heading\" data-id=\"199f9549\" data-element_type=\"widget\" data-widget_type=\"heading.default\">\n\t\t\t\t<div class=\"elementor-widget-container\">\n\t\t\t\t\t<h2 class=\"elementor-heading-title elementor-size-default\">Qualidade<\/h2>\t\t\t\t<\/div>\n\t\t\t\t<\/div>\n\t\t\t\t<div class=\"elementor-element elementor-element-1aa950c0 elementor-widget elementor-widget-spacer\" data-id=\"1aa950c0\" data-element_type=\"widget\" data-widget_type=\"spacer.default\">\n\t\t\t\t<div class=\"elementor-widget-container\">\n\t\t\t\t\t\t\t<div class=\"elementor-spacer\">\n\t\t\t<div class=\"elementor-spacer-inner\"><\/div>\n\t\t<\/div>\n\t\t\t\t\t\t<\/div>\n\t\t\t\t<\/div>\n\t\t\t\t\t<\/div>\n\t\t\t\t<\/div>\n\t\t<div class=\"elementor-element elementor-element-3120511 e-flex e-con-boxed parallax_section_no qode_elementor_container_no e-con e-parent\" data-id=\"3120511\" data-element_type=\"container\" data-settings=\"{&quot;background_background&quot;:&quot;classic&quot;,&quot;jet_parallax_layout_list&quot;:[]}\">\n\t\t\t\t\t<div class=\"e-con-inner\">\n\t\t<div class=\"elementor-element elementor-element-297837b e-grid e-con-full parallax_section_no qode_elementor_container_no e-con e-child\" data-id=\"297837b\" data-element_type=\"container\" data-settings=\"{&quot;jet_parallax_layout_list&quot;:[]}\">\n\t\t\t\t<div class=\"elementor-element elementor-element-ebc0caf elementor-widget elementor-widget-heading\" data-id=\"ebc0caf\" data-element_type=\"widget\" data-widget_type=\"heading.default\">\n\t\t\t\t<div class=\"elementor-widget-container\">\n\t\t\t\t\t<h5 class=\"elementor-heading-title elementor-size-default\">Na Molino Forzani temos uma \u00e1rea de Qualidade e Desenvolvimento que controla cada etapa do processo, desde a chegada da mat\u00e9ria-prima e a moagem at\u00e9 a farinha finalizada, ensacada e pronta para distribui\u00e7\u00e3o.<\/h5>\t\t\t\t<\/div>\n\t\t\t\t<\/div>\n\t\t\t\t<div class=\"elementor-element elementor-element-e0fae9a elementor-invisible elementor-widget elementor-widget-image\" data-id=\"e0fae9a\" data-element_type=\"widget\" data-settings=\"{&quot;motion_fx_motion_fx_scrolling&quot;:&quot;yes&quot;,&quot;motion_fx_scale_effect&quot;:&quot;yes&quot;,&quot;motion_fx_scale_direction&quot;:&quot;out-in-out&quot;,&quot;motion_fx_scale_speed&quot;:{&quot;unit&quot;:&quot;px&quot;,&quot;size&quot;:1,&quot;sizes&quot;:[]},&quot;motion_fx_scale_range&quot;:{&quot;unit&quot;:&quot;%&quot;,&quot;size&quot;:&quot;&quot;,&quot;sizes&quot;:{&quot;start&quot;:42,&quot;end&quot;:59}},&quot;_animation&quot;:&quot;fadeIn&quot;,&quot;_animation_delay&quot;:100,&quot;motion_fx_devices&quot;:[&quot;desktop&quot;,&quot;tablet&quot;,&quot;mobile&quot;]}\" data-widget_type=\"image.default\">\n\t\t\t\t<div class=\"elementor-widget-container\">\n\t\t\t\t\t\t\t\t\t\t\t\t\t\t\t<img fetchpriority=\"high\" decoding=\"async\" width=\"570\" height=\"570\" src=\"https:\/\/www.molinoforzani.com\/wp-content\/uploads\/2024\/04\/800x600-FOTO1-570x570.webp\" class=\"attachment-portfolio-square size-portfolio-square wp-image-4218\" alt=\"\" srcset=\"https:\/\/www.molinoforzani.com\/wp-content\/uploads\/2024\/04\/800x600-FOTO1-570x570.webp 570w, https:\/\/www.molinoforzani.com\/wp-content\/uploads\/2024\/04\/800x600-FOTO1-150x150.webp 150w, https:\/\/www.molinoforzani.com\/wp-content\/uploads\/2024\/04\/800x600-FOTO1-600x600.webp 600w, https:\/\/www.molinoforzani.com\/wp-content\/uploads\/2024\/04\/800x600-FOTO1-500x500.webp 500w\" sizes=\"(max-width: 570px) 100vw, 570px\" \/>\t\t\t\t\t\t\t\t\t\t\t\t\t\t\t<\/div>\n\t\t\t\t<\/div>\n\t\t\t\t<div class=\"elementor-element elementor-element-9474f13 elementor-invisible elementor-widget elementor-widget-image\" data-id=\"9474f13\" data-element_type=\"widget\" data-settings=\"{&quot;motion_fx_motion_fx_scrolling&quot;:&quot;yes&quot;,&quot;motion_fx_scale_effect&quot;:&quot;yes&quot;,&quot;motion_fx_scale_speed&quot;:{&quot;unit&quot;:&quot;px&quot;,&quot;size&quot;:1,&quot;sizes&quot;:[]},&quot;motion_fx_scale_range&quot;:{&quot;unit&quot;:&quot;%&quot;,&quot;size&quot;:&quot;&quot;,&quot;sizes&quot;:{&quot;start&quot;:42,&quot;end&quot;:59}},&quot;motion_fx_scale_direction&quot;:&quot;out-in-out&quot;,&quot;_animation&quot;:&quot;fadeIn&quot;,&quot;_animation_delay&quot;:100,&quot;motion_fx_devices&quot;:[&quot;desktop&quot;,&quot;tablet&quot;,&quot;mobile&quot;]}\" data-widget_type=\"image.default\">\n\t\t\t\t<div class=\"elementor-widget-container\">\n\t\t\t\t\t\t\t\t\t\t\t\t\t\t\t<img decoding=\"async\" width=\"570\" height=\"570\" src=\"https:\/\/www.molinoforzani.com\/wp-content\/uploads\/2024\/04\/2-Globomasa-570x570.webp\" class=\"attachment-portfolio-square size-portfolio-square wp-image-3983\" alt=\"\" srcset=\"https:\/\/www.molinoforzani.com\/wp-content\/uploads\/2024\/04\/2-Globomasa-570x570.webp 570w, https:\/\/www.molinoforzani.com\/wp-content\/uploads\/2024\/04\/2-Globomasa-150x150.webp 150w, https:\/\/www.molinoforzani.com\/wp-content\/uploads\/2024\/04\/2-Globomasa-600x600.webp 600w, https:\/\/www.molinoforzani.com\/wp-content\/uploads\/2024\/04\/2-Globomasa-500x500.webp 500w\" sizes=\"(max-width: 570px) 100vw, 570px\" \/>\t\t\t\t\t\t\t\t\t\t\t\t\t\t\t<\/div>\n\t\t\t\t<\/div>\n\t\t\t\t<div class=\"elementor-element elementor-element-0df6ecc elementor-widget elementor-widget-heading\" data-id=\"0df6ecc\" data-element_type=\"widget\" data-widget_type=\"heading.default\">\n\t\t\t\t<div class=\"elementor-widget-container\">\n\t\t\t\t\t<h5 class=\"elementor-heading-title elementor-size-default\">Esse trabalho \u00e9 realizado em dois laborat\u00f3rios com equipamentos de \u00faltima gera\u00e7\u00e3o, onde s\u00e3o analisadas as vari\u00e1veis f\u00edsico-qu\u00edmicas e reol\u00f3gicas dos produtos e subprodutos obtidos nas diferentes etapas do processo de produ\u00e7\u00e3o.\n<\/h5>\t\t\t\t<\/div>\n\t\t\t\t<\/div>\n\t\t\t\t<div class=\"elementor-element elementor-element-f9d432d elementor-widget elementor-widget-heading\" data-id=\"f9d432d\" data-element_type=\"widget\" data-widget_type=\"heading.default\">\n\t\t\t\t<div class=\"elementor-widget-container\">\n\t\t\t\t\t<h5 class=\"elementor-heading-title elementor-size-default\">Contamos com uma padaria equipada que simula os processos de panifica\u00e7\u00e3o de nossos clientes. Assim, controlamos a qualidade funcional, sensorial e organol\u00e9ptica de diferentes tipos de farinhas b\u00e1sicas e preparadas. \n<\/h5>\t\t\t\t<\/div>\n\t\t\t\t<\/div>\n\t\t\t\t<div class=\"elementor-element elementor-element-b98f750 elementor-invisible elementor-widget elementor-widget-image\" data-id=\"b98f750\" data-element_type=\"widget\" data-settings=\"{&quot;motion_fx_motion_fx_scrolling&quot;:&quot;yes&quot;,&quot;motion_fx_scale_effect&quot;:&quot;yes&quot;,&quot;motion_fx_scale_direction&quot;:&quot;out-in-out&quot;,&quot;motion_fx_scale_speed&quot;:{&quot;unit&quot;:&quot;px&quot;,&quot;size&quot;:1,&quot;sizes&quot;:[]},&quot;motion_fx_scale_range&quot;:{&quot;unit&quot;:&quot;%&quot;,&quot;size&quot;:&quot;&quot;,&quot;sizes&quot;:{&quot;start&quot;:42,&quot;end&quot;:59}},&quot;_animation&quot;:&quot;fadeIn&quot;,&quot;_animation_delay&quot;:100,&quot;motion_fx_devices&quot;:[&quot;desktop&quot;,&quot;tablet&quot;,&quot;mobile&quot;]}\" data-widget_type=\"image.default\">\n\t\t\t\t<div class=\"elementor-widget-container\">\n\t\t\t\t\t\t\t\t\t\t\t\t\t\t\t<img decoding=\"async\" width=\"570\" height=\"570\" src=\"https:\/\/www.molinoforzani.com\/wp-content\/uploads\/2024\/04\/3-pandaderia-570x570.webp\" class=\"attachment-portfolio-square size-portfolio-square wp-image-3985\" alt=\"\" srcset=\"https:\/\/www.molinoforzani.com\/wp-content\/uploads\/2024\/04\/3-pandaderia-570x570.webp 570w, https:\/\/www.molinoforzani.com\/wp-content\/uploads\/2024\/04\/3-pandaderia-150x150.webp 150w, https:\/\/www.molinoforzani.com\/wp-content\/uploads\/2024\/04\/3-pandaderia-600x600.webp 600w, https:\/\/www.molinoforzani.com\/wp-content\/uploads\/2024\/04\/3-pandaderia-500x500.webp 500w\" sizes=\"(max-width: 570px) 100vw, 570px\" \/>\t\t\t\t\t\t\t\t\t\t\t\t\t\t\t<\/div>\n\t\t\t\t<\/div>\n\t\t\t\t<div class=\"elementor-element elementor-element-63362ef elementor-invisible elementor-widget elementor-widget-image\" data-id=\"63362ef\" data-element_type=\"widget\" data-settings=\"{&quot;motion_fx_motion_fx_scrolling&quot;:&quot;yes&quot;,&quot;motion_fx_scale_effect&quot;:&quot;yes&quot;,&quot;motion_fx_scale_speed&quot;:{&quot;unit&quot;:&quot;px&quot;,&quot;size&quot;:1,&quot;sizes&quot;:[]},&quot;motion_fx_scale_range&quot;:{&quot;unit&quot;:&quot;%&quot;,&quot;size&quot;:&quot;&quot;,&quot;sizes&quot;:{&quot;start&quot;:42,&quot;end&quot;:59}},&quot;motion_fx_scale_direction&quot;:&quot;out-in-out&quot;,&quot;_animation&quot;:&quot;fadeIn&quot;,&quot;_animation_delay&quot;:100,&quot;motion_fx_devices&quot;:[&quot;desktop&quot;,&quot;tablet&quot;,&quot;mobile&quot;]}\" data-widget_type=\"image.default\">\n\t\t\t\t<div class=\"elementor-widget-container\">\n\t\t\t\t\t\t\t\t\t\t\t\t\t\t\t<img loading=\"lazy\" decoding=\"async\" width=\"500\" height=\"500\" src=\"https:\/\/www.molinoforzani.com\/wp-content\/uploads\/2024\/04\/4-clasific-500x500.webp\" class=\"attachment-portfolio_masonry_regular size-portfolio_masonry_regular wp-image-3984\" alt=\"\" srcset=\"https:\/\/www.molinoforzani.com\/wp-content\/uploads\/2024\/04\/4-clasific-500x500.webp 500w, https:\/\/www.molinoforzani.com\/wp-content\/uploads\/2024\/04\/4-clasific-150x150.webp 150w, https:\/\/www.molinoforzani.com\/wp-content\/uploads\/2024\/04\/4-clasific-570x570.webp 570w, https:\/\/www.molinoforzani.com\/wp-content\/uploads\/2024\/04\/4-clasific-600x600.webp 600w\" sizes=\"(max-width: 500px) 100vw, 500px\" \/>\t\t\t\t\t\t\t\t\t\t\t\t\t\t\t<\/div>\n\t\t\t\t<\/div>\n\t\t\t\t<div class=\"elementor-element elementor-element-927efa0 elementor-widget elementor-widget-heading\" data-id=\"927efa0\" data-element_type=\"widget\" data-widget_type=\"heading.default\">\n\t\t\t\t<div class=\"elementor-widget-container\">\n\t\t\t\t\t<h5 class=\"elementor-heading-title elementor-size-default\">Em conjunto, os laborat\u00f3rios e a padaria nos permitem realizar as an\u00e1lises necess\u00e1rias para melhorar a qualidade e a estabilidade de nossos produtos durante todo o ano.<\/h5>\t\t\t\t<\/div>\n\t\t\t\t<\/div>\n\t\t\t\t<\/div>\n\t\t\t\t\t<\/div>\n\t\t\t\t<\/div>\n\t\t<div class=\"elementor-element elementor-element-1f17f77 e-flex e-con-boxed parallax_section_no qode_elementor_container_no e-con e-parent\" data-id=\"1f17f77\" data-element_type=\"container\" data-settings=\"{&quot;jet_parallax_layout_list&quot;:[]}\">\n\t\t\t\t\t<div class=\"e-con-inner\">\n\t\t\t\t<div class=\"elementor-element elementor-element-04bfb32 elementor-widget elementor-widget-spacer\" data-id=\"04bfb32\" data-element_type=\"widget\" data-widget_type=\"spacer.default\">\n\t\t\t\t<div class=\"elementor-widget-container\">\n\t\t\t\t\t\t\t<div class=\"elementor-spacer\">\n\t\t\t<div class=\"elementor-spacer-inner\"><\/div>\n\t\t<\/div>\n\t\t\t\t\t\t<\/div>\n\t\t\t\t<\/div>\n\t\t\t\t\t<\/div>\n\t\t\t\t<\/div>\n\t\t\t\t<\/div>\n\t\t","protected":false},"excerpt":{"rendered":"<p>Na Molino Forzani temos uma \u00e1rea de Qualidade e Desenvolvimento que controla cada etapa do processo, desde a chegada da mat\u00e9ria-prima e a moagem at\u00e9 a farinha finalizada, ensacada e pronta para distribui\u00e7\u00e3o. Esse trabalho \u00e9 realizado em dois laborat\u00f3rios com equipamentos de \u00faltima gera\u00e7\u00e3o,&#8230;<\/p>\n","protected":false},"author":1,"featured_media":0,"parent":0,"menu_order":0,"comment_status":"closed","ping_status":"closed","template":"","meta":{"inline_featured_image":false,"_joinchat":[],"footnotes":""},"class_list":["post-11671","page","type-page","status-publish","hentry"],"aioseo_notices":[],"_links":{"self":[{"href":"https:\/\/www.molinoforzani.com\/pt-br\/wp-json\/wp\/v2\/pages\/11671","targetHints":{"allow":["GET"]}}],"collection":[{"href":"https:\/\/www.molinoforzani.com\/pt-br\/wp-json\/wp\/v2\/pages"}],"about":[{"href":"https:\/\/www.molinoforzani.com\/pt-br\/wp-json\/wp\/v2\/types\/page"}],"author":[{"embeddable":true,"href":"https:\/\/www.molinoforzani.com\/pt-br\/wp-json\/wp\/v2\/users\/1"}],"replies":[{"embeddable":true,"href":"https:\/\/www.molinoforzani.com\/pt-br\/wp-json\/wp\/v2\/comments?post=11671"}],"version-history":[{"count":2,"href":"https:\/\/www.molinoforzani.com\/pt-br\/wp-json\/wp\/v2\/pages\/11671\/revisions"}],"predecessor-version":[{"id":11934,"href":"https:\/\/www.molinoforzani.com\/pt-br\/wp-json\/wp\/v2\/pages\/11671\/revisions\/11934"}],"wp:attachment":[{"href":"https:\/\/www.molinoforzani.com\/pt-br\/wp-json\/wp\/v2\/media?parent=11671"}],"curies":[{"name":"wp","href":"https:\/\/api.w.org\/{rel}","templated":true}]}}