{"id":11667,"date":"2024-03-25T21:34:13","date_gmt":"2024-03-26T00:34:13","guid":{"rendered":"https:\/\/ww2.molinoforzani.com\/produtos"},"modified":"2025-01-16T21:09:10","modified_gmt":"2025-01-17T00:09:10","slug":"produtos","status":"publish","type":"page","link":"https:\/\/www.molinoforzani.com\/pt-br\/produtos","title":{"rendered":"PRODUTOS"},"content":{"rendered":"\t\t<div data-elementor-type=\"wp-page\" data-elementor-id=\"11667\" class=\"elementor elementor-11667 elementor-687\" data-elementor-post-type=\"page\">\n\t\t\t\t<div class=\"elementor-element elementor-element-480fd4c e-flex e-con-boxed parallax_section_no qode_elementor_container_no e-con e-parent\" data-id=\"480fd4c\" data-element_type=\"container\" data-settings=\"{&quot;jet_parallax_layout_list&quot;:[],&quot;background_background&quot;:&quot;classic&quot;}\">\n\t\t\t\t\t<div class=\"e-con-inner\">\n\t\t<div class=\"elementor-element elementor-element-1e93b7a e-con-full e-flex parallax_section_no qode_elementor_container_no e-con e-child\" data-id=\"1e93b7a\" data-element_type=\"container\" data-settings=\"{&quot;jet_parallax_layout_list&quot;:[]}\">\n\t\t\t\t<div class=\"elementor-element elementor-element-f6dd634 elementor-widget elementor-widget-heading\" data-id=\"f6dd634\" data-element_type=\"widget\" data-widget_type=\"heading.default\">\n\t\t\t\t<div class=\"elementor-widget-container\">\n\t\t\t\t\t<h2 class=\"elementor-heading-title elementor-size-default\">LINHAS DE PRODUTOS<\/h2>\t\t\t\t<\/div>\n\t\t\t\t<\/div>\n\t\t\t\t<div class=\"elementor-element elementor-element-b590aeb elementor-widget-divider--view-line elementor-widget elementor-widget-divider\" data-id=\"b590aeb\" data-element_type=\"widget\" data-widget_type=\"divider.default\">\n\t\t\t\t<div class=\"elementor-widget-container\">\n\t\t\t\t\t\t\t<div class=\"elementor-divider\">\n\t\t\t<span class=\"elementor-divider-separator\">\n\t\t\t\t\t\t<\/span>\n\t\t<\/div>\n\t\t\t\t\t\t<\/div>\n\t\t\t\t<\/div>\n\t\t<div class=\"elementor-element elementor-element-154f80a e-flex e-con-boxed parallax_section_no qode_elementor_container_no e-con e-child\" data-id=\"154f80a\" data-element_type=\"container\" data-settings=\"{&quot;jet_parallax_layout_list&quot;:[]}\">\n\t\t\t\t\t<div class=\"e-con-inner\">\n\t\t<div class=\"elementor-element elementor-element-7075b3a e-con-full e-flex parallax_section_no qode_elementor_container_no e-con e-child\" data-id=\"7075b3a\" data-element_type=\"container\" data-settings=\"{&quot;jet_parallax_layout_list&quot;:[],&quot;background_background&quot;:&quot;classic&quot;}\">\n\t\t\t\t<div class=\"elementor-element elementor-element-90c0b5e elementor-widget elementor-widget-image\" data-id=\"90c0b5e\" data-element_type=\"widget\" data-widget_type=\"image.default\">\n\t\t\t\t<div class=\"elementor-widget-container\">\n\t\t\t\t\t\t\t\t\t\t\t\t\t\t\t\t<a href=\"https:\/\/molinoforzani.com\/pt-br\/farinhas-classicas\" target=\"_blank\">\n\t\t\t\t\t\t\t<img fetchpriority=\"high\" decoding=\"async\" width=\"785\" height=\"1024\" src=\"https:\/\/www.molinoforzani.com\/wp-content\/uploads\/2024\/05\/000-785x1024.png\" class=\"attachment-large size-large wp-image-6779\" alt=\"\" srcset=\"https:\/\/www.molinoforzani.com\/wp-content\/uploads\/2024\/05\/000-785x1024.png 785w, https:\/\/www.molinoforzani.com\/wp-content\/uploads\/2024\/05\/000-230x300.png 230w, https:\/\/www.molinoforzani.com\/wp-content\/uploads\/2024\/05\/000-768x1002.png 768w, https:\/\/www.molinoforzani.com\/wp-content\/uploads\/2024\/05\/000-700x913.png 700w, https:\/\/www.molinoforzani.com\/wp-content\/uploads\/2024\/05\/000.png 1150w\" sizes=\"(max-width: 785px) 100vw, 785px\" \/>\t\t\t\t\t\t\t\t<\/a>\n\t\t\t\t\t\t\t\t\t\t\t\t\t\t\t<\/div>\n\t\t\t\t<\/div>\n\t\t\t\t<div class=\"elementor-element elementor-element-fcbb543 elementor-widget elementor-widget-jet-button\" data-id=\"fcbb543\" data-element_type=\"widget\" data-widget_type=\"jet-button.default\">\n\t\t\t\t<div class=\"elementor-widget-container\">\n\t\t\t\t\t<div class=\"elementor-jet-button jet-elements\"><div class=\"jet-button__container\">\n\t<a class=\"jet-button__instance jet-button__instance--icon-left hover-effect-1\" href=\"https:\/\/molinoforzani.com\/pt-br\/farinhas-classicas\" target=\"_blank\">\n\t\t<div class=\"jet-button__plane jet-button__plane-normal\"><\/div>\n\t\t<div class=\"jet-button__plane jet-button__plane-hover\"><\/div>\n\t\t<div class=\"jet-button__state jet-button__state-normal\">\n\t\t\t<span class=\"jet-button__label\">Farinhas cl\u00e1ssicas<\/span>\t\t<\/div>\n\t\t<div class=\"jet-button__state jet-button__state-hover\">\n\t\t\t<span class=\"jet-button__label\">Ver produtos<\/span>\t\t<\/div>\n\t<\/a>\n<\/div>\n<\/div>\t\t\t\t<\/div>\n\t\t\t\t<\/div>\n\t\t\t\t<\/div>\n\t\t<div class=\"elementor-element elementor-element-d7291f7 e-con-full e-flex parallax_section_no qode_elementor_container_no e-con e-child\" data-id=\"d7291f7\" data-element_type=\"container\" data-settings=\"{&quot;jet_parallax_layout_list&quot;:[],&quot;background_background&quot;:&quot;classic&quot;}\">\n\t\t\t\t<div class=\"elementor-element elementor-element-9b903b6 elementor-widget elementor-widget-image\" data-id=\"9b903b6\" data-element_type=\"widget\" data-widget_type=\"image.default\">\n\t\t\t\t<div class=\"elementor-widget-container\">\n\t\t\t\t\t\t\t\t\t\t\t\t\t\t\t\t<a href=\"https:\/\/molinoforzani.com\/pt-br\/farinhas-preparadas\" target=\"_blank\">\n\t\t\t\t\t\t\t<img decoding=\"async\" width=\"785\" height=\"1024\" src=\"https:\/\/www.molinoforzani.com\/wp-content\/uploads\/2024\/05\/napo-785x1024.png\" class=\"attachment-large size-large wp-image-6780\" alt=\"\" srcset=\"https:\/\/www.molinoforzani.com\/wp-content\/uploads\/2024\/05\/napo-785x1024.png 785w, https:\/\/www.molinoforzani.com\/wp-content\/uploads\/2024\/05\/napo-230x300.png 230w, https:\/\/www.molinoforzani.com\/wp-content\/uploads\/2024\/05\/napo-768x1002.png 768w, https:\/\/www.molinoforzani.com\/wp-content\/uploads\/2024\/05\/napo-700x913.png 700w, https:\/\/www.molinoforzani.com\/wp-content\/uploads\/2024\/05\/napo.png 1150w\" sizes=\"(max-width: 785px) 100vw, 785px\" \/>\t\t\t\t\t\t\t\t<\/a>\n\t\t\t\t\t\t\t\t\t\t\t\t\t\t\t<\/div>\n\t\t\t\t<\/div>\n\t\t\t\t<div class=\"elementor-element elementor-element-eebff34 elementor-widget elementor-widget-jet-button\" data-id=\"eebff34\" data-element_type=\"widget\" data-widget_type=\"jet-button.default\">\n\t\t\t\t<div class=\"elementor-widget-container\">\n\t\t\t\t\t<div class=\"elementor-jet-button jet-elements\"><div class=\"jet-button__container\">\n\t<a class=\"jet-button__instance jet-button__instance--icon-left hover-effect-1\" href=\"https:\/\/molinoforzani.com\/pt-br\/farinhas-preparadas\" target=\"_blank\">\n\t\t<div class=\"jet-button__plane jet-button__plane-normal\"><\/div>\n\t\t<div class=\"jet-button__plane jet-button__plane-hover\"><\/div>\n\t\t<div class=\"jet-button__state jet-button__state-normal\">\n\t\t\t<span class=\"jet-button__label\">Farinhas preparadas<\/span>\t\t<\/div>\n\t\t<div class=\"jet-button__state jet-button__state-hover\">\n\t\t\t<span class=\"jet-button__label\">Ver produtos<\/span>\t\t<\/div>\n\t<\/a>\n<\/div>\n<\/div>\t\t\t\t<\/div>\n\t\t\t\t<\/div>\n\t\t\t\t<\/div>\n\t\t<div class=\"elementor-element elementor-element-73fa3a0 e-con-full e-flex parallax_section_no qode_elementor_container_no e-con e-child\" data-id=\"73fa3a0\" data-element_type=\"container\" data-settings=\"{&quot;jet_parallax_layout_list&quot;:[],&quot;background_background&quot;:&quot;classic&quot;}\">\n\t\t\t\t<div class=\"elementor-element elementor-element-c75b606 elementor-widget elementor-widget-image\" data-id=\"c75b606\" data-element_type=\"widget\" data-widget_type=\"image.default\">\n\t\t\t\t<div class=\"elementor-widget-container\">\n\t\t\t\t\t\t\t\t\t\t\t\t\t\t\t\t<a href=\"https:\/\/molinoforzani.com\/pt-br\/nutricao-animal\" target=\"_blank\">\n\t\t\t\t\t\t\t<img decoding=\"async\" width=\"383\" height=\"500\" src=\"https:\/\/www.molinoforzani.com\/wp-content\/uploads\/2025\/01\/1150x1500-caratula383x500.png\" class=\"elementor-animation-grow attachment-large size-large wp-image-12579\" alt=\"\" srcset=\"https:\/\/www.molinoforzani.com\/wp-content\/uploads\/2025\/01\/1150x1500-caratula383x500.png 383w, https:\/\/www.molinoforzani.com\/wp-content\/uploads\/2025\/01\/1150x1500-caratula383x500-230x300.png 230w\" sizes=\"(max-width: 383px) 100vw, 383px\" \/>\t\t\t\t\t\t\t\t<\/a>\n\t\t\t\t\t\t\t\t\t\t\t\t\t\t\t<\/div>\n\t\t\t\t<\/div>\n\t\t\t\t<div class=\"elementor-element elementor-element-1499550 elementor-widget elementor-widget-jet-button\" data-id=\"1499550\" data-element_type=\"widget\" data-widget_type=\"jet-button.default\">\n\t\t\t\t<div class=\"elementor-widget-container\">\n\t\t\t\t\t<div class=\"elementor-jet-button jet-elements\"><div class=\"jet-button__container\">\n\t<a class=\"jet-button__instance jet-button__instance--icon-left hover-effect-1\" href=\"https:\/\/molinoforzani.com\/pt-br\/nutricao-animal\" target=\"_blank\">\n\t\t<div class=\"jet-button__plane jet-button__plane-normal\"><\/div>\n\t\t<div class=\"jet-button__plane jet-button__plane-hover\"><\/div>\n\t\t<div class=\"jet-button__state jet-button__state-normal\">\n\t\t\t<span class=\"jet-button__label\">Nutri\u00e7\u00e3o animal<\/span>\t\t<\/div>\n\t\t<div class=\"jet-button__state jet-button__state-hover\">\n\t\t\t<span class=\"jet-button__label\">Ver produtos<\/span>\t\t<\/div>\n\t<\/a>\n<\/div>\n<\/div>\t\t\t\t<\/div>\n\t\t\t\t<\/div>\n\t\t\t\t<\/div>\n\t\t\t\t\t<\/div>\n\t\t\t\t<\/div>\n\t\t\t\t<\/div>\n\t\t\t\t\t<\/div>\n\t\t\t\t<\/div>\n\t\t\t\t<\/div>\n\t\t","protected":false},"excerpt":{"rendered":"<p>LINHAS DE PRODUTOS Farinhas cl\u00e1ssicas Ver produtos Farinhas preparadas Ver produtos Nutri\u00e7\u00e3o animal Ver produtos<\/p>\n","protected":false},"author":1,"featured_media":0,"parent":0,"menu_order":0,"comment_status":"closed","ping_status":"closed","template":"","meta":{"inline_featured_image":false,"_joinchat":[],"footnotes":""},"class_list":["post-11667","page","type-page","status-publish","hentry"],"aioseo_notices":[],"_links":{"self":[{"href":"https:\/\/www.molinoforzani.com\/pt-br\/wp-json\/wp\/v2\/pages\/11667","targetHints":{"allow":["GET"]}}],"collection":[{"href":"https:\/\/www.molinoforzani.com\/pt-br\/wp-json\/wp\/v2\/pages"}],"about":[{"href":"https:\/\/www.molinoforzani.com\/pt-br\/wp-json\/wp\/v2\/types\/page"}],"author":[{"embeddable":true,"href":"https:\/\/www.molinoforzani.com\/pt-br\/wp-json\/wp\/v2\/users\/1"}],"replies":[{"embeddable":true,"href":"https:\/\/www.molinoforzani.com\/pt-br\/wp-json\/wp\/v2\/comments?post=11667"}],"version-history":[{"count":16,"href":"https:\/\/www.molinoforzani.com\/pt-br\/wp-json\/wp\/v2\/pages\/11667\/revisions"}],"predecessor-version":[{"id":12722,"href":"https:\/\/www.molinoforzani.com\/pt-br\/wp-json\/wp\/v2\/pages\/11667\/revisions\/12722"}],"wp:attachment":[{"href":"https:\/\/www.molinoforzani.com\/pt-br\/wp-json\/wp\/v2\/media?parent=11667"}],"curies":[{"name":"wp","href":"https:\/\/api.w.org\/{rel}","templated":true}]}}