{"id":11665,"date":"2024-03-25T17:02:19","date_gmt":"2024-03-25T20:02:19","guid":{"rendered":"https:\/\/ww2.molinoforzani.com\/inovacao"},"modified":"2025-01-21T10:34:31","modified_gmt":"2025-01-21T13:34:31","slug":"inovacao","status":"publish","type":"page","link":"https:\/\/www.molinoforzani.com\/pt-br\/inovacao","title":{"rendered":"Inova\u00e7\u00e3o"},"content":{"rendered":"\t\t<div data-elementor-type=\"wp-page\" data-elementor-id=\"11665\" class=\"elementor elementor-11665 elementor-589\" data-elementor-post-type=\"page\">\n\t\t\t\t<div class=\"elementor-element elementor-element-18ee9ab e-flex e-con-boxed parallax_section_no qode_elementor_container_no e-con e-parent\" data-id=\"18ee9ab\" data-element_type=\"container\" data-settings=\"{&quot;jet_parallax_layout_list&quot;:[],&quot;background_background&quot;:&quot;classic&quot;}\">\n\t\t\t\t\t<div class=\"e-con-inner\">\n\t\t<div class=\"elementor-element elementor-element-cf10f66 e-flex e-con-boxed parallax_section_no qode_elementor_container_no e-con e-child\" data-id=\"cf10f66\" data-element_type=\"container\" data-settings=\"{&quot;jet_parallax_layout_list&quot;:[]}\">\n\t\t\t\t\t<div class=\"e-con-inner\">\n\t\t\t\t<div class=\"elementor-element elementor-element-a4af2a3 elementor-widget elementor-widget-spacer\" data-id=\"a4af2a3\" data-element_type=\"widget\" data-widget_type=\"spacer.default\">\n\t\t\t\t<div class=\"elementor-widget-container\">\n\t\t\t\t\t\t\t<div class=\"elementor-spacer\">\n\t\t\t<div class=\"elementor-spacer-inner\"><\/div>\n\t\t<\/div>\n\t\t\t\t\t\t<\/div>\n\t\t\t\t<\/div>\n\t\t\t\t<div class=\"elementor-element elementor-element-74f9a20b elementor-widget-divider--view-line elementor-widget elementor-widget-divider\" data-id=\"74f9a20b\" data-element_type=\"widget\" data-widget_type=\"divider.default\">\n\t\t\t\t<div class=\"elementor-widget-container\">\n\t\t\t\t\t\t\t<div class=\"elementor-divider\">\n\t\t\t<span class=\"elementor-divider-separator\">\n\t\t\t\t\t\t<\/span>\n\t\t<\/div>\n\t\t\t\t\t\t<\/div>\n\t\t\t\t<\/div>\n\t\t\t\t<div class=\"elementor-element elementor-element-1acd5f62 elementor-widget elementor-widget-heading\" data-id=\"1acd5f62\" data-element_type=\"widget\" data-widget_type=\"heading.default\">\n\t\t\t\t<div class=\"elementor-widget-container\">\n\t\t\t\t\t<h2 class=\"elementor-heading-title elementor-size-default\">Inova\u00e7\u00e3o<\/h2>\t\t\t\t<\/div>\n\t\t\t\t<\/div>\n\t\t\t\t\t<\/div>\n\t\t\t\t<\/div>\n\t\t\t\t\t<\/div>\n\t\t\t\t<\/div>\n\t\t<a class=\"elementor-element elementor-element-b0779dc e-con-full elementor-hidden-desktop e-flex parallax_section_no qode_elementor_container_no e-con e-parent\" data-id=\"b0779dc\" data-element_type=\"container\" data-settings=\"{&quot;background_background&quot;:&quot;classic&quot;,&quot;jet_parallax_layout_list&quot;:[]}\" href=\"#innopr\">\n\t\t\t\t<div class=\"elementor-element elementor-element-8909839 elementor-widget elementor-widget-spacer\" data-id=\"8909839\" data-element_type=\"widget\" data-widget_type=\"spacer.default\">\n\t\t\t\t<div class=\"elementor-widget-container\">\n\t\t\t\t\t\t\t<div class=\"elementor-spacer\">\n\t\t\t<div class=\"elementor-spacer-inner\"><\/div>\n\t\t<\/div>\n\t\t\t\t\t\t<\/div>\n\t\t\t\t<\/div>\n\t\t\t\t<\/a>\n\t\t<div class=\"elementor-element elementor-element-71b40e2 e-con-full elementor-hidden-mobile e-flex parallax_section_no qode_elementor_container_no e-con e-parent\" data-id=\"71b40e2\" data-element_type=\"container\" data-settings=\"{&quot;jet_parallax_layout_list&quot;:[]}\">\n\t\t\t\t<div class=\"elementor-element elementor-element-8ef3e54 elementor-widget elementor-widget-shortcode\" data-id=\"8ef3e54\" data-element_type=\"widget\" data-widget_type=\"shortcode.default\">\n\t\t\t\t<div class=\"elementor-widget-container\">\n\t\t\t\t\t\t\t<div class=\"elementor-shortcode\"><mapplic-map id=\"mapplic-12140\" data-json=\"{&quot;settings&quot;:{&quot;mapWidth&quot;:1200,&quot;mapHeight&quot;:800,&quot;zoom&quot;:true,&quot;hoverTooltip&quot;:true,&quot;maxZoom&quot;:2,&quot;layer&quot;:&quot;&quot;,&quot;layerSwitcher&quot;:&quot;top-right&quot;,&quot;resetButton&quot;:&quot;top-right&quot;,&quot;zoomButtons&quot;:&quot;top-left&quot;,&quot;primaryColor&quot;:&quot;#bb394c&quot;,&quot;accessibility&quot;:false,&quot;mouseWheelShift&quot;:false,&quot;closeReset&quot;:true,&quot;moreText&quot;:&quot;mas&quot;,&quot;searchText&quot;:&quot;&quot;,&quot;deeplinking&quot;:false,&quot;hoverAbout&quot;:true,&quot;legendToggle&quot;:true,&quot;legendClosed&quot;:true,&quot;mouseWheel&quot;:false,&quot;css&quot;:&quot;.mapplic-container { background-color: #F8F8F8;}\\n\\n.mapplic-tooltip h4 { font-size: 28px;\\n    Color: #bb394c; padding-bottom: 32px;}\\nmapplic-panzoom\\&quot;&quot;,&quot;legendHorizontal&quot;:true,&quot;legend&quot;:&quot;top-left&quot;},&quot;locations&quot;:[{&quot;id&quot;:&quot;tecnologia&quot;,&quot;title&quot;:&quot;Tecnologia&quot;,&quot;desc&quot;:&quot;&lt;h3&gt;Contamos com tecnologia informatizada de produ&ccedil;&atilde;o e controle.&lt;\/h3&gt;&quot;,&quot;coord&quot;:[0.3068,0.7416],&quot;layer&quot;:&quot;layer1&quot;,&quot;type&quot;:&quot;dot&quot;},{&quot;id&quot;:&quot;pruebayerror&quot;,&quot;desc&quot;:&quot;&lt;p&gt;Melhoramos continuamente nossos produtos e processos.&lt;\/p&gt;&quot;,&quot;coord&quot;:[0.3287,0.8949],&quot;layer&quot;:&quot;layer1&quot;,&quot;title&quot;:&quot;Tentativa e erro&quot;,&quot;type&quot;:&quot;dot&quot;},{&quot;id&quot;:&quot;riesgo&quot;,&quot;title&quot;:&quot;Riscos&quot;,&quot;desc&quot;:&quot;&lt;h3&gt;Assumimos riscos para explorar novas oportunidades.&lt;\/h3&gt;&quot;,&quot;coord&quot;:[0.6669,0.3131],&quot;layer&quot;:&quot;layer1&quot;,&quot;type&quot;:&quot;dot&quot;},{&quot;id&quot;:&quot;opensource&quot;,&quot;title&quot;:&quot;C&oacute;digo aberto&quot;,&quot;desc&quot;:&quot;&lt;p&gt;Promovemos a criatividade e as novas ideias de forma aberta e colaborativa.&lt;\/p&gt;&quot;,&quot;coord&quot;:[0.2991,0.2387],&quot;layer&quot;:&quot;layer1&quot;,&quot;scale&quot;:1,&quot;type&quot;:&quot;dot&quot;},{&quot;id&quot;:&quot;soluciones&quot;,&quot;title&quot;:&quot;Solu&ccedil;&otilde;es&quot;,&quot;desc&quot;:&quot;&lt;p&gt;Oferecemos solu&ccedil;&otilde;es adaptadas &agrave;s necessidades espec&iacute;ficas de nossos clientes.&lt;\/p&gt;&quot;,&quot;coord&quot;:[0.6156,0.6767],&quot;layer&quot;:&quot;layer1&quot;,&quot;type&quot;:&quot;dot&quot;},{&quot;id&quot;:&quot;loc5&quot;,&quot;title&quot;:&quot;Biotecnologia&quot;,&quot;desc&quot;:&quot;&lt;p&gt;Aplicamos a biotecnologia conforme as necessidades dos clientes e a legisla&ccedil;&atilde;o vigente.&lt;\/p&gt;&quot;,&quot;coord&quot;:[0.3921,0.4301],&quot;layer&quot;:&quot;layer1&quot;,&quot;type&quot;:&quot;dot&quot;},{&quot;id&quot;:&quot;procesos&quot;,&quot;title&quot;:&quot;Processos&quot;,&quot;desc&quot;:&quot;&lt;p&gt;Desenvolvemos processos que garantem a constante qualidade de nossos produtos.&lt;\/p&gt;&quot;,&quot;coord&quot;:[0.2963,0.562],&quot;layer&quot;:&quot;layer1&quot;,&quot;hide&quot;:true,&quot;type&quot;:&quot;dot&quot;},{&quot;id&quot;:&quot;producto&quot;,&quot;title&quot;:&quot;Produtos&quot;,&quot;desc&quot;:&quot;&lt;p&gt;Desenvolvemos novos produtos todos os anos.&lt;\/p&gt;&quot;,&quot;coord&quot;:[0.4857,0.851],&quot;layer&quot;:&quot;layer1&quot;,&quot;type&quot;:&quot;dot&quot;,&quot;about&quot;:&quot;    &quot;,&quot;style&quot;:&quot;mloc1&quot;},{&quot;id&quot;:&quot;calidad&quot;,&quot;desc&quot;:&quot;&lt;p&gt;Nossas normas atendem os padr&otilde;es de qualidade nacionais e internacionais.&lt;\/p&gt;&quot;,&quot;coord&quot;:[0.6646,0.1337],&quot;layer&quot;:&quot;layer1&quot;,&quot;title&quot;:&quot;Qualidade&quot;,&quot;type&quot;:&quot;dot&quot;},{&quot;id&quot;:&quot;def&quot;,&quot;title&quot;:&quot;Default values&quot;,&quot;group&quot;:[],&quot;sample&quot;:&quot;true&quot;,&quot;desc&quot;:&quot;&lt;h3&gt;&lt;\/h3&gt;&quot;}],&quot;layers&quot;:[{&quot;id&quot;:&quot;layer1&quot;,&quot;name&quot;:&quot;Layer 1&quot;,&quot;file&quot;:&quot;https:\/\/molinoforzani.com\/wp-content\/uploads\/2025\/01\/01-Innovacion-maps-2portugues.svg&quot;}],&quot;breakpoints&quot;:[{&quot;name&quot;:&quot;all-screens&quot;,&quot;below&quot;:null,&quot;container&quot;:1200,&quot;element&quot;:800,&quot;portrait&quot;:true},{&quot;name&quot;:&quot;mobile&quot;,&quot;below&quot;:480,&quot;container&quot;:400,&quot;portrait&quot;:true,&quot;element&quot;:400}],&quot;groups&quot;:[],&quot;styles&quot;:[{&quot;class&quot;:&quot;mloc1&quot;,&quot;svg&quot;:true,&quot;marker&quot;:true,&quot;hover-color&quot;:&quot;#BA9E66&quot;,&quot;active-color&quot;:&quot;#692E1F&quot;}],&quot;filters&quot;:[],&quot;routes&quot;:[],&quot;samples&quot;:[{&quot;id&quot;:&quot;def&quot;,&quot;title&quot;:&quot;Default&quot;,&quot;group&quot;:[]}]}\" data-path=\"https:\/\/www.molinoforzani.com\/wp-content\/plugins\/mapplic-wp\/\/core\/\"><\/mapplic-map><\/div>\n\t\t\t\t\t\t<\/div>\n\t\t\t\t<\/div>\n\t\t\t\t<\/div>\n\t\t<div class=\"elementor-element elementor-element-b10ee9a e-flex e-con-boxed parallax_section_no qode_elementor_container_no e-con e-parent\" data-id=\"b10ee9a\" data-element_type=\"container\" id=\"innopr\" data-settings=\"{&quot;background_background&quot;:&quot;classic&quot;,&quot;jet_parallax_layout_list&quot;:[],&quot;background_motion_fx_motion_fx_mouse&quot;:&quot;yes&quot;,&quot;background_motion_fx_mouseTrack_effect&quot;:&quot;yes&quot;,&quot;background_motion_fx_mouseTrack_speed&quot;:{&quot;unit&quot;:&quot;px&quot;,&quot;size&quot;:0.6,&quot;sizes&quot;:[]}}\">\n\t\t\t\t\t<div class=\"e-con-inner\">\n\t\t<div class=\"elementor-element elementor-element-4d69269 e-con-full e-flex parallax_section_no qode_elementor_container_no e-con e-child\" data-id=\"4d69269\" data-element_type=\"container\" data-settings=\"{&quot;jet_parallax_layout_list&quot;:[],&quot;background_background&quot;:&quot;classic&quot;}\">\n\t\t<div class=\"elementor-element elementor-element-bc3b062 e-flex e-con-boxed parallax_section_no qode_elementor_container_no e-con e-child\" data-id=\"bc3b062\" data-element_type=\"container\" data-settings=\"{&quot;jet_parallax_layout_list&quot;:[]}\">\n\t\t\t\t\t<div class=\"e-con-inner\">\n\t\t<div class=\"elementor-element elementor-element-fb877e3 e-flex e-con-boxed parallax_section_no qode_elementor_container_no e-con e-child\" data-id=\"fb877e3\" data-element_type=\"container\" data-settings=\"{&quot;jet_parallax_layout_list&quot;:[]}\">\n\t\t\t\t\t<div class=\"e-con-inner\">\n\t\t\t\t<div class=\"elementor-element elementor-element-d007f39 elementor-widget elementor-widget-heading\" data-id=\"d007f39\" data-element_type=\"widget\" data-widget_type=\"heading.default\">\n\t\t\t\t<div class=\"elementor-widget-container\">\n\t\t\t\t\t<h3 class=\"elementor-heading-title elementor-size-default\">PRODUTOS<\/h3>\t\t\t\t<\/div>\n\t\t\t\t<\/div>\n\t\t\t\t<div class=\"elementor-element elementor-element-098f88e elementor-widget elementor-widget-heading\" data-id=\"098f88e\" data-element_type=\"widget\" data-widget_type=\"heading.default\">\n\t\t\t\t<div class=\"elementor-widget-container\">\n\t\t\t\t\t<h6 class=\"elementor-heading-title elementor-size-default\">Desenvolvemos novos produtos todos os anos.<\/h6>\t\t\t\t<\/div>\n\t\t\t\t<\/div>\n\t\t\t\t<div class=\"elementor-element elementor-element-c717a93 elementor-widget-divider--view-line elementor-widget elementor-widget-divider\" data-id=\"c717a93\" data-element_type=\"widget\" data-widget_type=\"divider.default\">\n\t\t\t\t<div class=\"elementor-widget-container\">\n\t\t\t\t\t\t\t<div class=\"elementor-divider\">\n\t\t\t<span class=\"elementor-divider-separator\">\n\t\t\t\t\t\t<\/span>\n\t\t<\/div>\n\t\t\t\t\t\t<\/div>\n\t\t\t\t<\/div>\n\t\t\t\t<div class=\"elementor-element elementor-element-6fe6556 elementor-widget elementor-widget-heading\" data-id=\"6fe6556\" data-element_type=\"widget\" data-widget_type=\"heading.default\">\n\t\t\t\t<div class=\"elementor-widget-container\">\n\t\t\t\t\t<h3 class=\"elementor-heading-title elementor-size-default\">TECNOLOGIA<\/h3>\t\t\t\t<\/div>\n\t\t\t\t<\/div>\n\t\t\t\t<div class=\"elementor-element elementor-element-c5c3bbd elementor-widget elementor-widget-heading\" data-id=\"c5c3bbd\" data-element_type=\"widget\" data-widget_type=\"heading.default\">\n\t\t\t\t<div class=\"elementor-widget-container\">\n\t\t\t\t\t<h6 class=\"elementor-heading-title elementor-size-default\">Contamos com tecnologia informatizada de produ\u00e7\u00e3o e controle.<\/h6>\t\t\t\t<\/div>\n\t\t\t\t<\/div>\n\t\t\t\t<div class=\"elementor-element elementor-element-c0ad887 elementor-widget-divider--view-line elementor-widget elementor-widget-divider\" data-id=\"c0ad887\" data-element_type=\"widget\" data-widget_type=\"divider.default\">\n\t\t\t\t<div class=\"elementor-widget-container\">\n\t\t\t\t\t\t\t<div class=\"elementor-divider\">\n\t\t\t<span class=\"elementor-divider-separator\">\n\t\t\t\t\t\t<\/span>\n\t\t<\/div>\n\t\t\t\t\t\t<\/div>\n\t\t\t\t<\/div>\n\t\t\t\t<div class=\"elementor-element elementor-element-5d7dd94 elementor-widget elementor-widget-heading\" data-id=\"5d7dd94\" data-element_type=\"widget\" data-widget_type=\"heading.default\">\n\t\t\t\t<div class=\"elementor-widget-container\">\n\t\t\t\t\t<h3 class=\"elementor-heading-title elementor-size-default\">PROCESSOS<\/h3>\t\t\t\t<\/div>\n\t\t\t\t<\/div>\n\t\t\t\t<div class=\"elementor-element elementor-element-1fbe4e4 elementor-widget elementor-widget-heading\" data-id=\"1fbe4e4\" data-element_type=\"widget\" data-widget_type=\"heading.default\">\n\t\t\t\t<div class=\"elementor-widget-container\">\n\t\t\t\t\t<h6 class=\"elementor-heading-title elementor-size-default\">Desenvolvemos processos que garantem a constante qualidade de nossos produtos.<\/h6>\t\t\t\t<\/div>\n\t\t\t\t<\/div>\n\t\t\t\t<div class=\"elementor-element elementor-element-f3e6d9a elementor-widget-divider--view-line elementor-widget elementor-widget-divider\" data-id=\"f3e6d9a\" data-element_type=\"widget\" data-widget_type=\"divider.default\">\n\t\t\t\t<div class=\"elementor-widget-container\">\n\t\t\t\t\t\t\t<div class=\"elementor-divider\">\n\t\t\t<span class=\"elementor-divider-separator\">\n\t\t\t\t\t\t<\/span>\n\t\t<\/div>\n\t\t\t\t\t\t<\/div>\n\t\t\t\t<\/div>\n\t\t\t\t<div class=\"elementor-element elementor-element-c91c0a9 elementor-widget elementor-widget-heading\" data-id=\"c91c0a9\" data-element_type=\"widget\" data-widget_type=\"heading.default\">\n\t\t\t\t<div class=\"elementor-widget-container\">\n\t\t\t\t\t<h3 class=\"elementor-heading-title elementor-size-default\">SOLU\u00c7\u00d5ES<\/h3>\t\t\t\t<\/div>\n\t\t\t\t<\/div>\n\t\t\t\t<div class=\"elementor-element elementor-element-06ea2ac elementor-widget elementor-widget-heading\" data-id=\"06ea2ac\" data-element_type=\"widget\" data-widget_type=\"heading.default\">\n\t\t\t\t<div class=\"elementor-widget-container\">\n\t\t\t\t\t<h6 class=\"elementor-heading-title elementor-size-default\">Oferecemos solu\u00e7\u00f5es adaptadas \u00e0s necessidades espec\u00edficas de nossos clientes. <\/h6>\t\t\t\t<\/div>\n\t\t\t\t<\/div>\n\t\t\t\t<div class=\"elementor-element elementor-element-ec60eaf elementor-widget-divider--view-line elementor-widget elementor-widget-divider\" data-id=\"ec60eaf\" data-element_type=\"widget\" data-widget_type=\"divider.default\">\n\t\t\t\t<div class=\"elementor-widget-container\">\n\t\t\t\t\t\t\t<div class=\"elementor-divider\">\n\t\t\t<span class=\"elementor-divider-separator\">\n\t\t\t\t\t\t<\/span>\n\t\t<\/div>\n\t\t\t\t\t\t<\/div>\n\t\t\t\t<\/div>\n\t\t\t\t<div class=\"elementor-element elementor-element-1e0ed5a elementor-widget elementor-widget-heading\" data-id=\"1e0ed5a\" data-element_type=\"widget\" data-widget_type=\"heading.default\">\n\t\t\t\t<div class=\"elementor-widget-container\">\n\t\t\t\t\t<h3 class=\"elementor-heading-title elementor-size-default\">QUALIDADE<\/h3>\t\t\t\t<\/div>\n\t\t\t\t<\/div>\n\t\t\t\t<div class=\"elementor-element elementor-element-ff57a6d elementor-widget elementor-widget-heading\" data-id=\"ff57a6d\" data-element_type=\"widget\" data-widget_type=\"heading.default\">\n\t\t\t\t<div class=\"elementor-widget-container\">\n\t\t\t\t\t<h6 class=\"elementor-heading-title elementor-size-default\">Nossas normas atendem os padr\u00f5es de qualidade nacionais e internacionais.<\/h6>\t\t\t\t<\/div>\n\t\t\t\t<\/div>\n\t\t\t\t<div class=\"elementor-element elementor-element-f44c649 elementor-hidden-desktop elementor-hidden-tablet elementor-widget-divider--view-line elementor-widget elementor-widget-divider\" data-id=\"f44c649\" data-element_type=\"widget\" data-widget_type=\"divider.default\">\n\t\t\t\t<div class=\"elementor-widget-container\">\n\t\t\t\t\t\t\t<div class=\"elementor-divider\">\n\t\t\t<span class=\"elementor-divider-separator\">\n\t\t\t\t\t\t<\/span>\n\t\t<\/div>\n\t\t\t\t\t\t<\/div>\n\t\t\t\t<\/div>\n\t\t\t\t\t<\/div>\n\t\t\t\t<\/div>\n\t\t<div class=\"elementor-element elementor-element-b9a6c6f e-flex e-con-boxed parallax_section_no qode_elementor_container_no e-con e-child\" data-id=\"b9a6c6f\" data-element_type=\"container\" data-settings=\"{&quot;jet_parallax_layout_list&quot;:[]}\">\n\t\t\t\t\t<div class=\"e-con-inner\">\n\t\t\t\t<div class=\"elementor-element elementor-element-139c3b7 elementor-widget elementor-widget-heading\" data-id=\"139c3b7\" data-element_type=\"widget\" data-widget_type=\"heading.default\">\n\t\t\t\t<div class=\"elementor-widget-container\">\n\t\t\t\t\t<h3 class=\"elementor-heading-title elementor-size-default\">TENTATIVA E ERRO<\/h3>\t\t\t\t<\/div>\n\t\t\t\t<\/div>\n\t\t\t\t<div class=\"elementor-element elementor-element-7e6d4ed elementor-widget elementor-widget-heading\" data-id=\"7e6d4ed\" data-element_type=\"widget\" data-widget_type=\"heading.default\">\n\t\t\t\t<div class=\"elementor-widget-container\">\n\t\t\t\t\t<h6 class=\"elementor-heading-title elementor-size-default\">Melhoramos continuamente nossos produtos e processos.<\/h6>\t\t\t\t<\/div>\n\t\t\t\t<\/div>\n\t\t\t\t<div class=\"elementor-element elementor-element-2dda85d elementor-widget-divider--view-line elementor-widget elementor-widget-divider\" data-id=\"2dda85d\" data-element_type=\"widget\" data-widget_type=\"divider.default\">\n\t\t\t\t<div class=\"elementor-widget-container\">\n\t\t\t\t\t\t\t<div class=\"elementor-divider\">\n\t\t\t<span class=\"elementor-divider-separator\">\n\t\t\t\t\t\t<\/span>\n\t\t<\/div>\n\t\t\t\t\t\t<\/div>\n\t\t\t\t<\/div>\n\t\t\t\t<div class=\"elementor-element elementor-element-b1f2e8a elementor-widget elementor-widget-heading\" data-id=\"b1f2e8a\" data-element_type=\"widget\" data-widget_type=\"heading.default\">\n\t\t\t\t<div class=\"elementor-widget-container\">\n\t\t\t\t\t<h3 class=\"elementor-heading-title elementor-size-default\">C\u00d3DIGO ABERTO<\/h3>\t\t\t\t<\/div>\n\t\t\t\t<\/div>\n\t\t\t\t<div class=\"elementor-element elementor-element-056ea8f elementor-widget elementor-widget-heading\" data-id=\"056ea8f\" data-element_type=\"widget\" data-widget_type=\"heading.default\">\n\t\t\t\t<div class=\"elementor-widget-container\">\n\t\t\t\t\t<h6 class=\"elementor-heading-title elementor-size-default\">Promovemos a criatividade e as novas ideias de forma aberta e colaborativa.<\/h6>\t\t\t\t<\/div>\n\t\t\t\t<\/div>\n\t\t\t\t<div class=\"elementor-element elementor-element-183e035 elementor-widget-divider--view-line elementor-widget elementor-widget-divider\" data-id=\"183e035\" data-element_type=\"widget\" data-widget_type=\"divider.default\">\n\t\t\t\t<div class=\"elementor-widget-container\">\n\t\t\t\t\t\t\t<div class=\"elementor-divider\">\n\t\t\t<span class=\"elementor-divider-separator\">\n\t\t\t\t\t\t<\/span>\n\t\t<\/div>\n\t\t\t\t\t\t<\/div>\n\t\t\t\t<\/div>\n\t\t\t\t<div class=\"elementor-element elementor-element-fcd742f elementor-widget elementor-widget-heading\" data-id=\"fcd742f\" data-element_type=\"widget\" data-widget_type=\"heading.default\">\n\t\t\t\t<div class=\"elementor-widget-container\">\n\t\t\t\t\t<h3 class=\"elementor-heading-title elementor-size-default\">RISCOS<\/h3>\t\t\t\t<\/div>\n\t\t\t\t<\/div>\n\t\t\t\t<div class=\"elementor-element elementor-element-2a57400 elementor-widget elementor-widget-heading\" data-id=\"2a57400\" data-element_type=\"widget\" data-widget_type=\"heading.default\">\n\t\t\t\t<div class=\"elementor-widget-container\">\n\t\t\t\t\t<h6 class=\"elementor-heading-title elementor-size-default\">Assumimos riscos para explorar novas oportunidades.<\/h6>\t\t\t\t<\/div>\n\t\t\t\t<\/div>\n\t\t\t\t<div class=\"elementor-element elementor-element-528d7ad elementor-widget-divider--view-line elementor-widget elementor-widget-divider\" data-id=\"528d7ad\" data-element_type=\"widget\" data-widget_type=\"divider.default\">\n\t\t\t\t<div class=\"elementor-widget-container\">\n\t\t\t\t\t\t\t<div class=\"elementor-divider\">\n\t\t\t<span class=\"elementor-divider-separator\">\n\t\t\t\t\t\t<\/span>\n\t\t<\/div>\n\t\t\t\t\t\t<\/div>\n\t\t\t\t<\/div>\n\t\t\t\t<div class=\"elementor-element elementor-element-2151354 elementor-widget elementor-widget-heading\" data-id=\"2151354\" data-element_type=\"widget\" data-widget_type=\"heading.default\">\n\t\t\t\t<div class=\"elementor-widget-container\">\n\t\t\t\t\t<h3 class=\"elementor-heading-title elementor-size-default\">BIOTECNOLOGIA<\/h3>\t\t\t\t<\/div>\n\t\t\t\t<\/div>\n\t\t\t\t<div class=\"elementor-element elementor-element-e9a9c75 elementor-widget elementor-widget-heading\" data-id=\"e9a9c75\" data-element_type=\"widget\" data-widget_type=\"heading.default\">\n\t\t\t\t<div class=\"elementor-widget-container\">\n\t\t\t\t\t<h6 class=\"elementor-heading-title elementor-size-default\">Aplicamos a biotecnologia conforme as necessidades dos clientes e a legisla\u00e7\u00e3o vigente.<\/h6>\t\t\t\t<\/div>\n\t\t\t\t<\/div>\n\t\t\t\t\t<\/div>\n\t\t\t\t<\/div>\n\t\t\t\t\t<\/div>\n\t\t\t\t<\/div>\n\t\t\t\t<\/div>\n\t\t\t\t\t<\/div>\n\t\t\t\t<\/div>\n\t\t<div class=\"elementor-element elementor-element-2860700 e-con-full e-flex parallax_section_no qode_elementor_container_no e-con e-parent\" data-id=\"2860700\" data-element_type=\"container\" data-settings=\"{&quot;background_background&quot;:&quot;classic&quot;,&quot;jet_parallax_layout_list&quot;:[]}\">\n\t\t<div class=\"elementor-element elementor-element-1a5e1b2 e-flex e-con-boxed parallax_section_no qode_elementor_container_no e-con e-child\" data-id=\"1a5e1b2\" data-element_type=\"container\" data-settings=\"{&quot;jet_parallax_layout_list&quot;:[]}\">\n\t\t\t\t\t<div class=\"e-con-inner\">\n\t\t\t\t\t<\/div>\n\t\t\t\t<\/div>\n\t\t\t\t<\/div>\n\t\t\t\t<\/div>\n\t\t","protected":false},"excerpt":{"rendered":"<p>PRODUTOS Desenvolvemos novos produtos todos os anos. TECNOLOGIA Contamos com tecnologia informatizada de produ\u00e7\u00e3o e controle. PROCESSOS Desenvolvemos processos que garantem a constante qualidade de nossos produtos. SOLU\u00c7\u00d5ES Oferecemos solu\u00e7\u00f5es adaptadas \u00e0s necessidades espec\u00edficas de nossos clientes. QUALIDADE Nossas normas atendem os padr\u00f5es de qualidade&#8230;<\/p>\n","protected":false},"author":1,"featured_media":0,"parent":0,"menu_order":0,"comment_status":"closed","ping_status":"closed","template":"","meta":{"inline_featured_image":false,"_joinchat":[],"footnotes":""},"class_list":["post-11665","page","type-page","status-publish","hentry"],"aioseo_notices":[],"_links":{"self":[{"href":"https:\/\/www.molinoforzani.com\/pt-br\/wp-json\/wp\/v2\/pages\/11665","targetHints":{"allow":["GET"]}}],"collection":[{"href":"https:\/\/www.molinoforzani.com\/pt-br\/wp-json\/wp\/v2\/pages"}],"about":[{"href":"https:\/\/www.molinoforzani.com\/pt-br\/wp-json\/wp\/v2\/types\/page"}],"author":[{"embeddable":true,"href":"https:\/\/www.molinoforzani.com\/pt-br\/wp-json\/wp\/v2\/users\/1"}],"replies":[{"embeddable":true,"href":"https:\/\/www.molinoforzani.com\/pt-br\/wp-json\/wp\/v2\/comments?post=11665"}],"version-history":[{"count":14,"href":"https:\/\/www.molinoforzani.com\/pt-br\/wp-json\/wp\/v2\/pages\/11665\/revisions"}],"predecessor-version":[{"id":12883,"href":"https:\/\/www.molinoforzani.com\/pt-br\/wp-json\/wp\/v2\/pages\/11665\/revisions\/12883"}],"wp:attachment":[{"href":"https:\/\/www.molinoforzani.com\/pt-br\/wp-json\/wp\/v2\/media?parent=11665"}],"curies":[{"name":"wp","href":"https:\/\/api.w.org\/{rel}","templated":true}]}}